{"id":227,"date":"2021-11-21T12:40:10","date_gmt":"2021-11-21T12:40:10","guid":{"rendered":"https:\/\/2blick.de\/?page_id=227"},"modified":"2024-05-25T07:55:00","modified_gmt":"2024-05-25T06:55:00","slug":"coaching-fuer-privatpersonen","status":"publish","type":"page","link":"https:\/\/2blick.de\/?page_id=227","title":{"rendered":"Coaching f\u00fcr Einzelpersonen"},"content":{"rendered":"\n<p>In einer ruhigen und verantwortungsvollen Arbeitsatmosph\u00e4re stehen Ihre Themen im Mittelpunkt. Durch bew\u00e4hrte Methoden und l\u00f6sungsfokussierte Impulse ergeben sich wirksame Ver\u00e4nderungen. Sie sind und bleiben selbst Experte Ihrer L\u00f6sung. <\/p>\n\n\n\n<figure class=\"wp-block-image size-medium\"><img loading=\"lazy\" decoding=\"async\" width=\"300\" height=\"300\" src=\"https:\/\/2blick.de\/wp-content\/uploads\/2023\/03\/Einzelpersonen-1-300x300.jpg\" alt=\"Weg\" class=\"wp-image-618\" srcset=\"https:\/\/2blick.de\/wp-content\/uploads\/2023\/03\/Einzelpersonen-1-300x300.jpg 300w, https:\/\/2blick.de\/wp-content\/uploads\/2023\/03\/Einzelpersonen-1-150x150.jpg 150w, https:\/\/2blick.de\/wp-content\/uploads\/2023\/03\/Einzelpersonen-1-230x230.jpg 230w, https:\/\/2blick.de\/wp-content\/uploads\/2023\/03\/Einzelpersonen-1-350x350.jpg 350w, https:\/\/2blick.de\/wp-content\/uploads\/2023\/03\/Einzelpersonen-1-480x480.jpg 480w, https:\/\/2blick.de\/wp-content\/uploads\/2023\/03\/Einzelpersonen-1.jpg 530w\" sizes=\"auto, (max-width: 300px) 100vw, 300px\" \/><\/figure>\n\n\n\n<div style=\"height:50px\" aria-hidden=\"true\" class=\"wp-block-spacer\"><\/div>\n\n\n\n<p>Ihre Themen:<\/p>\n\n\n\n<ul class=\"wp-block-list\">\n<li>Ver\u00e4nderungen aktiv bew\u00e4ltigen<\/li>\n\n\n\n<li>mich weiter entwickeln<\/li>\n\n\n\n<li>Selbstmanagement, Motivation<\/li>\n\n\n\n<li>gute Entscheidungen treffen<\/li>\n\n\n\n<li>Beziehungen verbessern<\/li>\n\n\n\n<li>wie kann ich meine Fragen beantworten<\/li>\n\n\n\n<li>Konflikte bearbeiten und l\u00f6sen<\/li>\n<\/ul>\n\n\n\n<div style=\"height:50px\" aria-hidden=\"true\" class=\"wp-block-spacer\"><\/div>\n\n\n\n<p>Formate:<\/p>\n\n\n\n<ul class=\"wp-block-list\">\n<li>Einzelgespr\u00e4ch<\/li>\n\n\n\n<li>Gruppensitzung<\/li>\n\n\n\n<li>Workshop<\/li>\n\n\n\n<li>Pr\u00e4senz in Ihren R\u00e4umen<\/li>\n\n\n\n<li>Pr\u00e4senz au\u00dferhalb Ihrer pers\u00f6nlichen Umgebung<\/li>\n\n\n\n<li>online<\/li>\n<\/ul>\n\n\n\n<div style=\"height:50px\" aria-hidden=\"true\" class=\"wp-block-spacer\"><\/div>\n\n\n\n<p>Mein&nbsp;Angebot:<\/p>\n\n\n\n<ul class=\"wp-block-list\">\n<li>vertieft Einsichten<\/li>\n\n\n\n<li>unterst\u00fctzt bei der Reflexion und Stabilisierung<\/li>\n\n\n\n<li>erweitert die Handlungsm\u00f6glichkeiten<\/li>\n\n\n\n<li>unterst\u00fctzt Sie darin Ziele zu erreichen und Probleme zu bearbeiten<\/li>\n\n\n\n<li>hilft Ressourcen zu entfalten, die Qualit\u00e4t zu verbessern und zu sichern<\/li>\n\n\n\n<li>unterst\u00fctzt bei der Reflexion und Stabilisierung<\/li>\n\n\n\n<li>hilft Grenzen zu erkennen und Alternativen zu finden<\/li>\n\n\n\n<li>bezieht dabei die pers\u00f6nliche Situation mit ein<\/li>\n<\/ul>\n\n\n\n<div style=\"height:50px\" aria-hidden=\"true\" class=\"wp-block-spacer\"><\/div>\n\n\n\n<p>Ich unterst\u00fctze Sie gerne. <a href=\"https:\/\/2blick.de\/?page_id=71\">Kontaktieren <\/a>Sie mich f\u00fcr ein kostenloses Erstgespr\u00e4ch.<\/p>\n","protected":false},"excerpt":{"rendered":"<p>In einer ruhigen und verantwortungsvollen Arbeitsatmosph\u00e4re stehen Ihre Themen im Mittelpunkt. Durch bew\u00e4hrte Methoden und l\u00f6sungsfokussierte Impulse ergeben sich wirksame Ver\u00e4nderungen. Sie [&hellip;]<\/p>\n","protected":false},"author":1,"featured_media":286,"parent":0,"menu_order":0,"comment_status":"closed","ping_status":"closed","template":"page-templates\/page_fullwidth.php","meta":{"footnotes":""},"class_list":["post-227","page","type-page","status-publish","has-post-thumbnail","hentry"],"_links":{"self":[{"href":"https:\/\/2blick.de\/index.php?rest_route=\/wp\/v2\/pages\/227","targetHints":{"allow":["GET"]}}],"collection":[{"href":"https:\/\/2blick.de\/index.php?rest_route=\/wp\/v2\/pages"}],"about":[{"href":"https:\/\/2blick.de\/index.php?rest_route=\/wp\/v2\/types\/page"}],"author":[{"embeddable":true,"href":"https:\/\/2blick.de\/index.php?rest_route=\/wp\/v2\/users\/1"}],"replies":[{"embeddable":true,"href":"https:\/\/2blick.de\/index.php?rest_route=%2Fwp%2Fv2%2Fcomments&post=227"}],"version-history":[{"count":18,"href":"https:\/\/2blick.de\/index.php?rest_route=\/wp\/v2\/pages\/227\/revisions"}],"predecessor-version":[{"id":778,"href":"https:\/\/2blick.de\/index.php?rest_route=\/wp\/v2\/pages\/227\/revisions\/778"}],"wp:featuredmedia":[{"embeddable":true,"href":"https:\/\/2blick.de\/index.php?rest_route=\/wp\/v2\/media\/286"}],"wp:attachment":[{"href":"https:\/\/2blick.de\/index.php?rest_route=%2Fwp%2Fv2%2Fmedia&parent=227"}],"curies":[{"name":"wp","href":"https:\/\/api.w.org\/{rel}","templated":true}]}}