{"id":76,"date":"2021-10-23T15:34:52","date_gmt":"2021-10-23T15:34:52","guid":{"rendered":"https:\/\/2blick.de\/?page_id=76"},"modified":"2024-02-04T12:52:46","modified_gmt":"2024-02-04T11:52:46","slug":"ueber-mich","status":"publish","type":"page","link":"https:\/\/2blick.de\/?page_id=76","title":{"rendered":"\u00dcber mich"},"content":{"rendered":"\n<p class=\"has-medium-font-size\">Udo Becker<br>48161 M\u00fcnster<\/p>\n\n\n\n<div class=\"wp-block-columns is-not-stacked-on-mobile is-layout-flex wp-container-core-columns-is-layout-9d6595d7 wp-block-columns-is-layout-flex\">\n<div class=\"wp-block-column is-layout-flow wp-block-column-is-layout-flow\">\n<figure class=\"wp-block-image size-full is-resized\"><img loading=\"lazy\" decoding=\"async\" width=\"640\" height=\"634\" src=\"https:\/\/2blick.de\/wp-content\/uploads\/2022\/10\/TestSitzung00156_004-002.jpg\" alt=\"Udo Becker \nSystemisches Coaching und Beratung\n48161 M\u00fcnster\n2blick.de\" class=\"wp-image-514\" style=\"object-fit:cover;width:360px;height:357px\" title=\"Udo Becker\" srcset=\"https:\/\/2blick.de\/wp-content\/uploads\/2022\/10\/TestSitzung00156_004-002.jpg 640w, https:\/\/2blick.de\/wp-content\/uploads\/2022\/10\/TestSitzung00156_004-002-300x297.jpg 300w, https:\/\/2blick.de\/wp-content\/uploads\/2022\/10\/TestSitzung00156_004-002-150x150.jpg 150w, https:\/\/2blick.de\/wp-content\/uploads\/2022\/10\/TestSitzung00156_004-002-230x228.jpg 230w, https:\/\/2blick.de\/wp-content\/uploads\/2022\/10\/TestSitzung00156_004-002-350x347.jpg 350w, https:\/\/2blick.de\/wp-content\/uploads\/2022\/10\/TestSitzung00156_004-002-480x476.jpg 480w\" sizes=\"auto, (max-width: 640px) 100vw, 640px\" \/><\/figure>\n<\/div>\n<\/div>\n\n\n\n<p>Coach <a href=\"https:\/\/www.coaching-dgfc.de\/\" target=\"_blank\" rel=\"noreferrer noopener\">DGfC<\/a><br>Systemischer Berater<\/p>\n\n\n\n<p>Seit \u00fcber 25 Jahren bin ich aktiv in F\u00fchrungsverantwortung. Seit 15 Jahre wende ich den systemischen Ansatz in der Organisationsberatung und F\u00fchrung an.<\/p>\n\n\n\n<p>Hauptberuflich: <br>&#8211; Abteilungsleitung in einer Klinik in M\u00fcnster<br>&#8211; Begleitung von Teams und F\u00fchrungskr\u00e4ften<\/p>\n\n\n\n<p>Freiberuflich:<br>&#8211; Systemische Beratung von Menschen und Organisationen<br>&#8211; Begleitung von Teams und F\u00fchrungskr\u00e4ften<br>&#8211; Workshops und Kurse<\/p>\n\n\n\n<p>Als ausgebildeter Coach und Berater gebe ich keine vorgefertigten L\u00f6sungen vor. Ich verstehe mich als allparteilicher Gespr\u00e4chs- und Interaktionspartner, der den Prozess der individuellen Weiterentwicklung professionell begleitet und erleichtert. So finden Sie Ihre eigenen L\u00f6sungen, die langfristig wirken.<\/p>\n\n\n\n<p><a href=\"https:\/\/2blick.de\/?page_id=71\">Kontakt<\/a><\/p>\n\n\n\n<p>Ich bin Mitgied in der<\/p>\n\n\n\n<figure class=\"wp-block-image size-full is-resized\"><a href=\"https:\/\/www.coaching-dgfc.de\/\" target=\"_blank\" rel=\"noopener\"><img loading=\"lazy\" decoding=\"async\" width=\"640\" height=\"204\" src=\"https:\/\/2blick.de\/wp-content\/uploads\/2021\/10\/DGfC-Logo.png\" alt=\"\" class=\"wp-image-139\" style=\"width:160px;height:51px\" srcset=\"https:\/\/2blick.de\/wp-content\/uploads\/2021\/10\/DGfC-Logo.png 640w, https:\/\/2blick.de\/wp-content\/uploads\/2021\/10\/DGfC-Logo-300x96.png 300w\" sizes=\"auto, (max-width: 640px) 100vw, 640px\" \/><\/a><\/figure>\n","protected":false},"excerpt":{"rendered":"<p>Udo Becker48161 M\u00fcnster Coach DGfCSystemischer Berater Seit \u00fcber 25 Jahren bin ich aktiv in F\u00fchrungsverantwortung. Seit 15 Jahre wende ich den systemischen [&hellip;]<\/p>\n","protected":false},"author":1,"featured_media":0,"parent":0,"menu_order":0,"comment_status":"closed","ping_status":"closed","template":"page-templates\/page_fullwidth.php","meta":{"footnotes":""},"class_list":["post-76","page","type-page","status-publish","hentry"],"_links":{"self":[{"href":"https:\/\/2blick.de\/index.php?rest_route=\/wp\/v2\/pages\/76","targetHints":{"allow":["GET"]}}],"collection":[{"href":"https:\/\/2blick.de\/index.php?rest_route=\/wp\/v2\/pages"}],"about":[{"href":"https:\/\/2blick.de\/index.php?rest_route=\/wp\/v2\/types\/page"}],"author":[{"embeddable":true,"href":"https:\/\/2blick.de\/index.php?rest_route=\/wp\/v2\/users\/1"}],"replies":[{"embeddable":true,"href":"https:\/\/2blick.de\/index.php?rest_route=%2Fwp%2Fv2%2Fcomments&post=76"}],"version-history":[{"count":32,"href":"https:\/\/2blick.de\/index.php?rest_route=\/wp\/v2\/pages\/76\/revisions"}],"predecessor-version":[{"id":745,"href":"https:\/\/2blick.de\/index.php?rest_route=\/wp\/v2\/pages\/76\/revisions\/745"}],"wp:attachment":[{"href":"https:\/\/2blick.de\/index.php?rest_route=%2Fwp%2Fv2%2Fmedia&parent=76"}],"curies":[{"name":"wp","href":"https:\/\/api.w.org\/{rel}","templated":true}]}}